{"id":43,"date":"2026-01-27T10:53:06","date_gmt":"2026-01-27T10:53:06","guid":{"rendered":"https:\/\/pablomunoz.fpcei.eu\/?page_id=43"},"modified":"2026-02-28T10:15:15","modified_gmt":"2026-02-28T10:15:15","slug":"nuestra-vision-en-la-empresa","status":"publish","type":"page","link":"https:\/\/pablomunoz.fpcei.eu\/?page_id=43","title":{"rendered":"Nuestra visi\u00f3n en la empresa"},"content":{"rendered":"\n<p>En La Pablo Tienda queremos crecer junto a nuestros clientes, construyendo relaciones duraderas basadas en la confianza y la calidad. Aspiramos a ser reconocidos como la tienda l\u00edder en Mini Pekka, no solo por nuestros productos, sino tambi\u00e9n por nuestra atenci\u00f3n al cliente, nuestro compromiso con la calidad y nuestra pasi\u00f3n por crear experiencias \u00fanicas.<\/p>\n\n\n\n<p>Queremos que cada persona que nos elija sienta que est\u00e1 tomando la mejor decisi\u00f3n: recibir un producto de calidad, con garant\u00eda, con atenci\u00f3n personalizada y con la certeza de que su compra le brindar\u00e1 diversi\u00f3n y satisfacci\u00f3n.<\/p>\n\n\n\n<p>Elegir La Pablo Tienda significa optar por una experiencia completa:<\/p>\n\n\n\n<ul class=\"wp-block-list\">\n<li>Un equipo apasionado que comparte tu entusiasmo por los Mini Pekka.<\/li>\n\n\n\n<li>Productos cuidadosamente seleccionados para garantizar autenticidad y calidad.<\/li>\n\n\n\n<li>Atenci\u00f3n cercana y personalizada, con respuestas r\u00e1pidas a todas tus consultas.<\/li>\n\n\n\n<li>Compra confiable, segura y sin complicaciones.<\/li>\n\n\n\n<li>La garant\u00eda de pertenecer a una comunidad que valora la diversi\u00f3n, la calidad y la satisfacci\u00f3n del cliente.<\/li>\n<\/ul>\n\n\n\n<p>Cada Mini Pekka que llega a tus manos es m\u00e1s que un producto: es una pieza de diversi\u00f3n y emoci\u00f3n, dise\u00f1ada para brindar alegr\u00eda y satisfacci\u00f3n a quienes lo disfrutan.<\/p>\n\n\n\n<figure class=\"wp-block-image size-full\"><img loading=\"lazy\" decoding=\"async\" width=\"850\" height=\"480\" src=\"https:\/\/pablomunoz.fpcei.eu\/wp-content\/uploads\/2026\/02\/image-14.png\" alt=\"\" class=\"wp-image-219\" srcset=\"https:\/\/pablomunoz.fpcei.eu\/wp-content\/uploads\/2026\/02\/image-14.png 850w, https:\/\/pablomunoz.fpcei.eu\/wp-content\/uploads\/2026\/02\/image-14-300x169.png 300w, https:\/\/pablomunoz.fpcei.eu\/wp-content\/uploads\/2026\/02\/image-14-768x434.png 768w\" sizes=\"auto, (max-width: 850px) 100vw, 850px\" \/><\/figure>\n\n\n\n<ul class=\"wp-block-social-links aligncenter is-layout-flex wp-block-social-links-is-layout-flex\"><li class=\"wp-social-link wp-social-link-tiktok  wp-block-social-link\"><a href=\"https:\/\/www.tiktok.com\/@electrogamerfb\/video\/7153676684942757126\" class=\"wp-block-social-link-anchor\"><svg width=\"24\" height=\"24\" viewBox=\"0 0 32 32\" version=\"1.1\" xmlns=\"http:\/\/www.w3.org\/2000\/svg\" aria-hidden=\"true\" focusable=\"false\"><path d=\"M16.708 0.027c1.745-0.027 3.48-0.011 5.213-0.027 0.105 2.041 0.839 4.12 2.333 5.563 1.491 1.479 3.6 2.156 5.652 2.385v5.369c-1.923-0.063-3.855-0.463-5.6-1.291-0.76-0.344-1.468-0.787-2.161-1.24-0.009 3.896 0.016 7.787-0.025 11.667-0.104 1.864-0.719 3.719-1.803 5.255-1.744 2.557-4.771 4.224-7.88 4.276-1.907 0.109-3.812-0.411-5.437-1.369-2.693-1.588-4.588-4.495-4.864-7.615-0.032-0.667-0.043-1.333-0.016-1.984 0.24-2.537 1.495-4.964 3.443-6.615 2.208-1.923 5.301-2.839 8.197-2.297 0.027 1.975-0.052 3.948-0.052 5.923-1.323-0.428-2.869-0.308-4.025 0.495-0.844 0.547-1.485 1.385-1.819 2.333-0.276 0.676-0.197 1.427-0.181 2.145 0.317 2.188 2.421 4.027 4.667 3.828 1.489-0.016 2.916-0.88 3.692-2.145 0.251-0.443 0.532-0.896 0.547-1.417 0.131-2.385 0.079-4.76 0.095-7.145 0.011-5.375-0.016-10.735 0.025-16.093z\" \/><\/svg><span class=\"wp-block-social-link-label screen-reader-text\">TikTok<\/span><\/a><\/li>\n\n<li class=\"wp-social-link wp-social-link-youtube  wp-block-social-link\"><a href=\"https:\/\/www.youtube.com\/@BENIJU\" class=\"wp-block-social-link-anchor\"><svg width=\"24\" height=\"24\" viewBox=\"0 0 24 24\" version=\"1.1\" xmlns=\"http:\/\/www.w3.org\/2000\/svg\" aria-hidden=\"true\" focusable=\"false\"><path d=\"M21.8,8.001c0,0-0.195-1.378-0.795-1.985c-0.76-0.797-1.613-0.801-2.004-0.847c-2.799-0.202-6.997-0.202-6.997-0.202 h-0.009c0,0-4.198,0-6.997,0.202C4.608,5.216,3.756,5.22,2.995,6.016C2.395,6.623,2.2,8.001,2.2,8.001S2,9.62,2,11.238v1.517 c0,1.618,0.2,3.237,0.2,3.237s0.195,1.378,0.795,1.985c0.761,0.797,1.76,0.771,2.205,0.855c1.6,0.153,6.8,0.201,6.8,0.201 s4.203-0.006,7.001-0.209c0.391-0.047,1.243-0.051,2.004-0.847c0.6-0.607,0.795-1.985,0.795-1.985s0.2-1.618,0.2-3.237v-1.517 C22,9.62,21.8,8.001,21.8,8.001z M9.935,14.594l-0.001-5.62l5.404,2.82L9.935,14.594z\"><\/path><\/svg><span class=\"wp-block-social-link-label screen-reader-text\">YouTube<\/span><\/a><\/li><\/ul>\n","protected":false},"excerpt":{"rendered":"<p>En La Pablo Tienda queremos crecer junto a nuestros clientes, construyendo relaciones duraderas basadas en la confianza y la calidad. Aspiramos a ser reconocidos como la tienda l\u00edder en Mini Pekka, no solo por nuestros productos, sino tambi\u00e9n por nuestra atenci\u00f3n al cliente, nuestro compromiso con la calidad y nuestra pasi\u00f3n por crear experiencias \u00fanicas. [&hellip;]<\/p>\n","protected":false},"author":2,"featured_media":0,"parent":0,"menu_order":0,"comment_status":"closed","ping_status":"closed","template":"","meta":{"footnotes":""},"class_list":["post-43","page","type-page","status-publish","hentry"],"_links":{"self":[{"href":"https:\/\/pablomunoz.fpcei.eu\/index.php?rest_route=\/wp\/v2\/pages\/43","targetHints":{"allow":["GET"]}}],"collection":[{"href":"https:\/\/pablomunoz.fpcei.eu\/index.php?rest_route=\/wp\/v2\/pages"}],"about":[{"href":"https:\/\/pablomunoz.fpcei.eu\/index.php?rest_route=\/wp\/v2\/types\/page"}],"author":[{"embeddable":true,"href":"https:\/\/pablomunoz.fpcei.eu\/index.php?rest_route=\/wp\/v2\/users\/2"}],"replies":[{"embeddable":true,"href":"https:\/\/pablomunoz.fpcei.eu\/index.php?rest_route=%2Fwp%2Fv2%2Fcomments&post=43"}],"version-history":[{"count":5,"href":"https:\/\/pablomunoz.fpcei.eu\/index.php?rest_route=\/wp\/v2\/pages\/43\/revisions"}],"predecessor-version":[{"id":220,"href":"https:\/\/pablomunoz.fpcei.eu\/index.php?rest_route=\/wp\/v2\/pages\/43\/revisions\/220"}],"wp:attachment":[{"href":"https:\/\/pablomunoz.fpcei.eu\/index.php?rest_route=%2Fwp%2Fv2%2Fmedia&parent=43"}],"curies":[{"name":"wp","href":"https:\/\/api.w.org\/{rel}","templated":true}]}}