{"id":45,"date":"2026-01-27T11:04:48","date_gmt":"2026-01-27T11:04:48","guid":{"rendered":"https:\/\/pablomunoz.fpcei.eu\/?page_id=45"},"modified":"2026-02-28T09:30:17","modified_gmt":"2026-02-28T09:30:17","slug":"que-es-un-mini-pekka","status":"publish","type":"page","link":"https:\/\/pablomunoz.fpcei.eu\/?page_id=45","title":{"rendered":"\u00bfQue es un Mini Pekka?"},"content":{"rendered":"\n<p>El Mini Pekka es una de las cartas m\u00e1s ic\u00f3nicas del popular juego Clash Royale, famoso por su estrategia y diversi\u00f3n en tiempo real. Se trata de un guerrero rob\u00f3tico blindado, fuerte y veloz, que se caracteriza por su alto da\u00f1o f\u00edsico a enemigos y estructuras. A pesar de ser peque\u00f1o en tama\u00f1o comparado con otras cartas, es capaz de derrotar r\u00e1pidamente tropas y da\u00f1ar torres enemigas gracias a su fuerza y agilidad.<\/p>\n\n\n\n<p>El Mini Pekka es ideal para ataques directos y defensa eficaz, ya que combina velocidad, potencia y resistencia moderada. En Clash Royale, muchos jugadores lo usan para sorprender al rival, eliminar cartas de alto valor y generar presi\u00f3n constante en el campo de batalla. Su dise\u00f1o robusto y su estilo de combate lo han convertido en un favorito tanto de principiantes como de jugadores expertos.<\/p>\n\n\n\n<div data-wp-interactive=\"core\/file\" class=\"wp-block-file\"><object data-wp-bind--hidden=\"!state.hasPdfPreview\" hidden class=\"wp-block-file__embed\" data=\"https:\/\/pablomunoz.fpcei.eu\/wp-content\/uploads\/2026\/02\/Red-Yellow-Bold-Burger-Food-Restaurant-Advertising-Poster-1-3.pdf\" type=\"application\/pdf\" style=\"width:100%;height:490px\" aria-label=\"Incrustado de Red Yellow Bold Burger Food Restaurant Advertising Poster (1).\"><\/object><a id=\"wp-block-file--media-fe6887ae-a6f3-4fc0-8fe1-0a6ba3ea0238\" href=\"https:\/\/pablomunoz.fpcei.eu\/wp-content\/uploads\/2026\/02\/Red-Yellow-Bold-Burger-Food-Restaurant-Advertising-Poster-1-3.pdf\">Red Yellow Bold Burger Food Restaurant Advertising Poster (1)<\/a><a href=\"https:\/\/pablomunoz.fpcei.eu\/wp-content\/uploads\/2026\/02\/Red-Yellow-Bold-Burger-Food-Restaurant-Advertising-Poster-1-3.pdf\" class=\"wp-block-file__button wp-element-button\" download aria-describedby=\"wp-block-file--media-fe6887ae-a6f3-4fc0-8fe1-0a6ba3ea0238\">Descarga<\/a><\/div>\n\n\n\n<figure class=\"wp-block-image size-full\"><img loading=\"lazy\" decoding=\"async\" width=\"1024\" height=\"1024\" src=\"https:\/\/pablomunoz.fpcei.eu\/wp-content\/uploads\/2026\/02\/1d35134b-dcf6-4986-901a-8c62afdc3e81.png\" alt=\"\" class=\"wp-image-106\" srcset=\"https:\/\/pablomunoz.fpcei.eu\/wp-content\/uploads\/2026\/02\/1d35134b-dcf6-4986-901a-8c62afdc3e81.png 1024w, https:\/\/pablomunoz.fpcei.eu\/wp-content\/uploads\/2026\/02\/1d35134b-dcf6-4986-901a-8c62afdc3e81-300x300.png 300w, https:\/\/pablomunoz.fpcei.eu\/wp-content\/uploads\/2026\/02\/1d35134b-dcf6-4986-901a-8c62afdc3e81-150x150.png 150w, https:\/\/pablomunoz.fpcei.eu\/wp-content\/uploads\/2026\/02\/1d35134b-dcf6-4986-901a-8c62afdc3e81-768x768.png 768w\" sizes=\"auto, (max-width: 1024px) 100vw, 1024px\" \/><\/figure>\n\n\n\n<ul class=\"wp-block-social-links aligncenter is-layout-flex wp-block-social-links-is-layout-flex\"><li class=\"wp-social-link wp-social-link-tiktok  wp-block-social-link\"><a href=\"https:\/\/www.tiktok.com\/@electrogamerfb\/video\/7153676684942757126\" class=\"wp-block-social-link-anchor\"><svg width=\"24\" height=\"24\" viewBox=\"0 0 32 32\" version=\"1.1\" xmlns=\"http:\/\/www.w3.org\/2000\/svg\" aria-hidden=\"true\" focusable=\"false\"><path d=\"M16.708 0.027c1.745-0.027 3.48-0.011 5.213-0.027 0.105 2.041 0.839 4.12 2.333 5.563 1.491 1.479 3.6 2.156 5.652 2.385v5.369c-1.923-0.063-3.855-0.463-5.6-1.291-0.76-0.344-1.468-0.787-2.161-1.24-0.009 3.896 0.016 7.787-0.025 11.667-0.104 1.864-0.719 3.719-1.803 5.255-1.744 2.557-4.771 4.224-7.88 4.276-1.907 0.109-3.812-0.411-5.437-1.369-2.693-1.588-4.588-4.495-4.864-7.615-0.032-0.667-0.043-1.333-0.016-1.984 0.24-2.537 1.495-4.964 3.443-6.615 2.208-1.923 5.301-2.839 8.197-2.297 0.027 1.975-0.052 3.948-0.052 5.923-1.323-0.428-2.869-0.308-4.025 0.495-0.844 0.547-1.485 1.385-1.819 2.333-0.276 0.676-0.197 1.427-0.181 2.145 0.317 2.188 2.421 4.027 4.667 3.828 1.489-0.016 2.916-0.88 3.692-2.145 0.251-0.443 0.532-0.896 0.547-1.417 0.131-2.385 0.079-4.76 0.095-7.145 0.011-5.375-0.016-10.735 0.025-16.093z\" \/><\/svg><span class=\"wp-block-social-link-label screen-reader-text\">TikTok<\/span><\/a><\/li>\n\n<li class=\"wp-social-link wp-social-link-youtube  wp-block-social-link\"><a href=\"https:\/\/www.youtube.com\/@BENIJU\" class=\"wp-block-social-link-anchor\"><svg width=\"24\" height=\"24\" viewBox=\"0 0 24 24\" version=\"1.1\" xmlns=\"http:\/\/www.w3.org\/2000\/svg\" aria-hidden=\"true\" focusable=\"false\"><path d=\"M21.8,8.001c0,0-0.195-1.378-0.795-1.985c-0.76-0.797-1.613-0.801-2.004-0.847c-2.799-0.202-6.997-0.202-6.997-0.202 h-0.009c0,0-4.198,0-6.997,0.202C4.608,5.216,3.756,5.22,2.995,6.016C2.395,6.623,2.2,8.001,2.2,8.001S2,9.62,2,11.238v1.517 c0,1.618,0.2,3.237,0.2,3.237s0.195,1.378,0.795,1.985c0.761,0.797,1.76,0.771,2.205,0.855c1.6,0.153,6.8,0.201,6.8,0.201 s4.203-0.006,7.001-0.209c0.391-0.047,1.243-0.051,2.004-0.847c0.6-0.607,0.795-1.985,0.795-1.985s0.2-1.618,0.2-3.237v-1.517 C22,9.62,21.8,8.001,21.8,8.001z M9.935,14.594l-0.001-5.62l5.404,2.82L9.935,14.594z\"><\/path><\/svg><span class=\"wp-block-social-link-label screen-reader-text\">YouTube<\/span><\/a><\/li><\/ul>\n\n\n\n<p><\/p>\n","protected":false},"excerpt":{"rendered":"<p>El Mini Pekka es una de las cartas m\u00e1s ic\u00f3nicas del popular juego Clash Royale, famoso por su estrategia y diversi\u00f3n en tiempo real. Se trata de un guerrero rob\u00f3tico blindado, fuerte y veloz, que se caracteriza por su alto da\u00f1o f\u00edsico a enemigos y estructuras. A pesar de ser peque\u00f1o en tama\u00f1o comparado con [&hellip;]<\/p>\n","protected":false},"author":2,"featured_media":0,"parent":0,"menu_order":0,"comment_status":"closed","ping_status":"closed","template":"","meta":{"footnotes":""},"class_list":["post-45","page","type-page","status-publish","hentry"],"_links":{"self":[{"href":"https:\/\/pablomunoz.fpcei.eu\/index.php?rest_route=\/wp\/v2\/pages\/45","targetHints":{"allow":["GET"]}}],"collection":[{"href":"https:\/\/pablomunoz.fpcei.eu\/index.php?rest_route=\/wp\/v2\/pages"}],"about":[{"href":"https:\/\/pablomunoz.fpcei.eu\/index.php?rest_route=\/wp\/v2\/types\/page"}],"author":[{"embeddable":true,"href":"https:\/\/pablomunoz.fpcei.eu\/index.php?rest_route=\/wp\/v2\/users\/2"}],"replies":[{"embeddable":true,"href":"https:\/\/pablomunoz.fpcei.eu\/index.php?rest_route=%2Fwp%2Fv2%2Fcomments&post=45"}],"version-history":[{"count":8,"href":"https:\/\/pablomunoz.fpcei.eu\/index.php?rest_route=\/wp\/v2\/pages\/45\/revisions"}],"predecessor-version":[{"id":183,"href":"https:\/\/pablomunoz.fpcei.eu\/index.php?rest_route=\/wp\/v2\/pages\/45\/revisions\/183"}],"wp:attachment":[{"href":"https:\/\/pablomunoz.fpcei.eu\/index.php?rest_route=%2Fwp%2Fv2%2Fmedia&parent=45"}],"curies":[{"name":"wp","href":"https:\/\/api.w.org\/{rel}","templated":true}]}}