{"id":53,"date":"2026-02-03T09:59:55","date_gmt":"2026-02-03T09:59:55","guid":{"rendered":"https:\/\/pablomunoz.fpcei.eu\/?page_id=53"},"modified":"2026-02-28T09:21:16","modified_gmt":"2026-02-28T09:21:16","slug":"contactanos","status":"publish","type":"page","link":"https:\/\/pablomunoz.fpcei.eu\/?page_id=53","title":{"rendered":"Cont\u00e1ctanos"},"content":{"rendered":"\n<p>Para m\u00e1s informaci\u00f3n o resolver dudas cont\u00e1ctanos.<\/p>\n\n\n\n<p>Llame&#x1f4de; ya al <em>+34 644 57 69<\/em> o env\u00edanos un correo&#x2709; a <em>lapablotiendo@gmail.com<\/em><\/p>\n\n\n\n<figure class=\"wp-block-image size-full\"><img loading=\"lazy\" decoding=\"async\" width=\"1024\" height=\"1024\" src=\"https:\/\/pablomunoz.fpcei.eu\/wp-content\/uploads\/2026\/02\/1a519336-b645-470e-8426-df8c6e7c236f.png\" alt=\"\" class=\"wp-image-104\" srcset=\"https:\/\/pablomunoz.fpcei.eu\/wp-content\/uploads\/2026\/02\/1a519336-b645-470e-8426-df8c6e7c236f.png 1024w, https:\/\/pablomunoz.fpcei.eu\/wp-content\/uploads\/2026\/02\/1a519336-b645-470e-8426-df8c6e7c236f-300x300.png 300w, https:\/\/pablomunoz.fpcei.eu\/wp-content\/uploads\/2026\/02\/1a519336-b645-470e-8426-df8c6e7c236f-150x150.png 150w, https:\/\/pablomunoz.fpcei.eu\/wp-content\/uploads\/2026\/02\/1a519336-b645-470e-8426-df8c6e7c236f-768x768.png 768w\" sizes=\"auto, (max-width: 1024px) 100vw, 1024px\" \/><\/figure>\n\n\n\n<ul class=\"wp-block-social-links aligncenter is-layout-flex wp-block-social-links-is-layout-flex\"><li class=\"wp-social-link wp-social-link-tiktok  wp-block-social-link\"><a href=\"https:\/\/www.tiktok.com\/@electrogamerfb\/video\/7153676684942757126\" class=\"wp-block-social-link-anchor\"><svg width=\"24\" height=\"24\" viewBox=\"0 0 32 32\" version=\"1.1\" xmlns=\"http:\/\/www.w3.org\/2000\/svg\" aria-hidden=\"true\" focusable=\"false\"><path d=\"M16.708 0.027c1.745-0.027 3.48-0.011 5.213-0.027 0.105 2.041 0.839 4.12 2.333 5.563 1.491 1.479 3.6 2.156 5.652 2.385v5.369c-1.923-0.063-3.855-0.463-5.6-1.291-0.76-0.344-1.468-0.787-2.161-1.24-0.009 3.896 0.016 7.787-0.025 11.667-0.104 1.864-0.719 3.719-1.803 5.255-1.744 2.557-4.771 4.224-7.88 4.276-1.907 0.109-3.812-0.411-5.437-1.369-2.693-1.588-4.588-4.495-4.864-7.615-0.032-0.667-0.043-1.333-0.016-1.984 0.24-2.537 1.495-4.964 3.443-6.615 2.208-1.923 5.301-2.839 8.197-2.297 0.027 1.975-0.052 3.948-0.052 5.923-1.323-0.428-2.869-0.308-4.025 0.495-0.844 0.547-1.485 1.385-1.819 2.333-0.276 0.676-0.197 1.427-0.181 2.145 0.317 2.188 2.421 4.027 4.667 3.828 1.489-0.016 2.916-0.88 3.692-2.145 0.251-0.443 0.532-0.896 0.547-1.417 0.131-2.385 0.079-4.76 0.095-7.145 0.011-5.375-0.016-10.735 0.025-16.093z\" \/><\/svg><span class=\"wp-block-social-link-label screen-reader-text\">TikTok<\/span><\/a><\/li>\n\n<li class=\"wp-social-link wp-social-link-youtube  wp-block-social-link\"><a href=\"https:\/\/www.youtube.com\/@BENIJU\" class=\"wp-block-social-link-anchor\"><svg width=\"24\" height=\"24\" viewBox=\"0 0 24 24\" version=\"1.1\" xmlns=\"http:\/\/www.w3.org\/2000\/svg\" aria-hidden=\"true\" focusable=\"false\"><path d=\"M21.8,8.001c0,0-0.195-1.378-0.795-1.985c-0.76-0.797-1.613-0.801-2.004-0.847c-2.799-0.202-6.997-0.202-6.997-0.202 h-0.009c0,0-4.198,0-6.997,0.202C4.608,5.216,3.756,5.22,2.995,6.016C2.395,6.623,2.2,8.001,2.2,8.001S2,9.62,2,11.238v1.517 c0,1.618,0.2,3.237,0.2,3.237s0.195,1.378,0.795,1.985c0.761,0.797,1.76,0.771,2.205,0.855c1.6,0.153,6.8,0.201,6.8,0.201 s4.203-0.006,7.001-0.209c0.391-0.047,1.243-0.051,2.004-0.847c0.6-0.607,0.795-1.985,0.795-1.985s0.2-1.618,0.2-3.237v-1.517 C22,9.62,21.8,8.001,21.8,8.001z M9.935,14.594l-0.001-5.62l5.404,2.82L9.935,14.594z\"><\/path><\/svg><span class=\"wp-block-social-link-label screen-reader-text\">YouTube<\/span><\/a><\/li><\/ul>\n\n\n\n<p class=\"has-text-align-center\"><strong>Nuestra pol\u00edtica y t\u00e9rminos de privacidad:<\/strong><\/p>\n\n\n\n<h3 class=\"wp-block-heading has-text-align-center\">1. Uso de la web<\/h3>\n\n\n\n<ul class=\"wp-block-list\">\n<li>La web y su contenido son propiedad de La Pablo Tienda.<\/li>\n\n\n\n<li>Puedes usarla solo para fines legales y de acuerdo con estos t\u00e9rminos.<\/li>\n<\/ul>\n\n\n\n<h3 class=\"wp-block-heading has-text-align-center\">2. Productos y pedidos<\/h3>\n\n\n\n<ul class=\"wp-block-list\">\n<li>Nos esforzamos por mostrar informaci\u00f3n precisa de productos, pero los precios y disponibilidad pueden cambiar sin previo aviso.<\/li>\n\n\n\n<li>Los pedidos est\u00e1n sujetos a confirmaci\u00f3n y disponibilidad de stock.<\/li>\n<\/ul>\n\n\n\n<h3 class=\"wp-block-heading has-text-align-center\">3. Pagos<\/h3>\n\n\n\n<ul class=\"wp-block-list\">\n<li>Todos los pagos se procesan de manera segura a trav\u00e9s de proveedores confiables.<\/li>\n\n\n\n<li>No almacenamos datos sensibles de tarjetas de cr\u00e9dito.<\/li>\n<\/ul>\n\n\n\n<h3 class=\"wp-block-heading has-text-align-center\">4. Env\u00edos y devoluciones<\/h3>\n\n\n\n<ul class=\"wp-block-list\">\n<li>Las condiciones de env\u00edo y devoluci\u00f3n se detallan en la secci\u00f3n de Pol\u00edticas de Env\u00edo y Devoluciones.<\/li>\n\n\n\n<li>Al realizar un pedido, aceptas estas condiciones.<\/li>\n<\/ul>\n\n\n\n<h3 class=\"wp-block-heading has-text-align-center\">5. Responsabilidad<\/h3>\n\n\n\n<ul class=\"wp-block-list\">\n<li>No nos hacemos responsables de da\u00f1os indirectos o p\u00e9rdidas ocasionadas por el uso de la web.<\/li>\n\n\n\n<li>La informaci\u00f3n de la web se proporciona \u201ctal cual\u201d y no garantiza disponibilidad o exactitud absoluta.<\/li>\n<\/ul>\n\n\n\n<h3 class=\"wp-block-heading has-text-align-center\">6. Propiedad intelectual<\/h3>\n\n\n\n<ul class=\"wp-block-list\">\n<li>Todos los textos, im\u00e1genes y contenidos de la web est\u00e1n protegidos por derechos de autor.<\/li>\n\n\n\n<li>No se permite copiar, reproducir o usar sin autorizaci\u00f3n expresa.<\/li>\n<\/ul>\n\n\n\n<h3 class=\"wp-block-heading has-text-align-center\">7. Cambios en los t\u00e9rminos<\/h3>\n\n\n\n<ul class=\"wp-block-list\">\n<li>Nos reservamos el derecho de modificar estos t\u00e9rminos en cualquier momento.<\/li>\n\n\n\n<li>Te recomendamos revisarlos peri\u00f3dicamente.<\/li>\n<\/ul>\n\n\n\n<h3 class=\"wp-block-heading\"><\/h3>\n\n\n\n<p><\/p>\n\n\n\n<p><\/p>\n","protected":false},"excerpt":{"rendered":"<p>Para m\u00e1s informaci\u00f3n o resolver dudas cont\u00e1ctanos. Llame&#x1f4de; ya al +34 644 57 69 o env\u00edanos un correo&#x2709; a lapablotiendo@gmail.com Nuestra pol\u00edtica y t\u00e9rminos de privacidad: 1. Uso de la web 2. Productos y pedidos 3. Pagos 4. Env\u00edos y devoluciones 5. Responsabilidad 6. Propiedad intelectual 7. Cambios en los t\u00e9rminos<\/p>\n","protected":false},"author":2,"featured_media":0,"parent":0,"menu_order":0,"comment_status":"closed","ping_status":"closed","template":"","meta":{"footnotes":""},"class_list":["post-53","page","type-page","status-publish","hentry"],"_links":{"self":[{"href":"https:\/\/pablomunoz.fpcei.eu\/index.php?rest_route=\/wp\/v2\/pages\/53","targetHints":{"allow":["GET"]}}],"collection":[{"href":"https:\/\/pablomunoz.fpcei.eu\/index.php?rest_route=\/wp\/v2\/pages"}],"about":[{"href":"https:\/\/pablomunoz.fpcei.eu\/index.php?rest_route=\/wp\/v2\/types\/page"}],"author":[{"embeddable":true,"href":"https:\/\/pablomunoz.fpcei.eu\/index.php?rest_route=\/wp\/v2\/users\/2"}],"replies":[{"embeddable":true,"href":"https:\/\/pablomunoz.fpcei.eu\/index.php?rest_route=%2Fwp%2Fv2%2Fcomments&post=53"}],"version-history":[{"count":9,"href":"https:\/\/pablomunoz.fpcei.eu\/index.php?rest_route=\/wp\/v2\/pages\/53\/revisions"}],"predecessor-version":[{"id":173,"href":"https:\/\/pablomunoz.fpcei.eu\/index.php?rest_route=\/wp\/v2\/pages\/53\/revisions\/173"}],"wp:attachment":[{"href":"https:\/\/pablomunoz.fpcei.eu\/index.php?rest_route=%2Fwp%2Fv2%2Fmedia&parent=53"}],"curies":[{"name":"wp","href":"https:\/\/api.w.org\/{rel}","templated":true}]}}